{"id":78,"date":"2025-08-03T02:15:32","date_gmt":"2025-08-03T01:15:32","guid":{"rendered":"http:\/\/xn--fupflege-kaiser-rib.de\/?page_id=78"},"modified":"2025-12-18T22:00:02","modified_gmt":"2025-12-18T21:00:02","slug":"preisliste","status":"publish","type":"page","link":"http:\/\/xn--fupflege-kaiser-rib.de\/?page_id=78","title":{"rendered":"Preisliste"},"content":{"rendered":"\n<figure class=\"wp-block-image size-full\"><img loading=\"lazy\" decoding=\"async\" width=\"1006\" height=\"1000\" src=\"http:\/\/xn--fupflege-kaiser-rib.de\/wp-content\/uploads\/2025\/12\/Bildschirmfoto-2025-12-18-um-21.31.29.png\" alt=\"\" class=\"wp-image-185\" srcset=\"http:\/\/xn--fupflege-kaiser-rib.de\/wp-content\/uploads\/2025\/12\/Bildschirmfoto-2025-12-18-um-21.31.29.png 1006w, http:\/\/xn--fupflege-kaiser-rib.de\/wp-content\/uploads\/2025\/12\/Bildschirmfoto-2025-12-18-um-21.31.29-300x298.png 300w, http:\/\/xn--fupflege-kaiser-rib.de\/wp-content\/uploads\/2025\/12\/Bildschirmfoto-2025-12-18-um-21.31.29-150x150.png 150w, http:\/\/xn--fupflege-kaiser-rib.de\/wp-content\/uploads\/2025\/12\/Bildschirmfoto-2025-12-18-um-21.31.29-768x763.png 768w\" sizes=\"auto, (max-width: 1006px) 100vw, 1006px\" \/><\/figure>\n\n\n\n<div style=\"height:100px\" aria-hidden=\"true\" class=\"wp-block-spacer\"><\/div>\n\n\n\n\n\n<figure class=\"wp-block-image size-full\"><img loading=\"lazy\" decoding=\"async\" width=\"1006\" height=\"1000\" src=\"http:\/\/xn--fupflege-kaiser-rib.de\/wp-content\/uploads\/2025\/12\/Bildschirmfoto-2025-12-18-um-21.34.23.png\" alt=\"\" class=\"wp-image-186\" srcset=\"http:\/\/xn--fupflege-kaiser-rib.de\/wp-content\/uploads\/2025\/12\/Bildschirmfoto-2025-12-18-um-21.34.23.png 1006w, http:\/\/xn--fupflege-kaiser-rib.de\/wp-content\/uploads\/2025\/12\/Bildschirmfoto-2025-12-18-um-21.34.23-300x298.png 300w, http:\/\/xn--fupflege-kaiser-rib.de\/wp-content\/uploads\/2025\/12\/Bildschirmfoto-2025-12-18-um-21.34.23-150x150.png 150w, http:\/\/xn--fupflege-kaiser-rib.de\/wp-content\/uploads\/2025\/12\/Bildschirmfoto-2025-12-18-um-21.34.23-768x763.png 768w\" sizes=\"auto, (max-width: 1006px) 100vw, 1006px\" \/><\/figure>\n\n\n\n<p><strong><mark style=\"background-color:rgba(0, 0, 0, 0)\" class=\"has-inline-color has-luminous-vivid-orange-color\">WELLNES F\u00dc\u00dfE<\/mark><\/strong><\/p>\n\n\n\n<figure class=\"wp-block-table\"><table class=\"has-fixed-layout\"><tbody><tr><td>Fu\u00dfmassage (20Minuten)<\/td><td class=\"has-text-align-right\" data-align=\"right\">15,00 \u20ac<\/td><\/tr><\/tbody><\/table><\/figure>\n","protected":false},"excerpt":{"rendered":"<p>WELLNES F\u00dc\u00dfE Fu\u00dfmassage (20Minuten) 15,00 \u20ac<\/p>\n","protected":false},"author":1,"featured_media":0,"parent":0,"menu_order":0,"comment_status":"closed","ping_status":"closed","template":"","meta":{"footnotes":""},"class_list":["post-78","page","type-page","status-publish","hentry","post"],"yoast_head":"<!-- This site is optimized with the Yoast SEO plugin v27.3 - https:\/\/yoast.com\/product\/yoast-seo-wordpress\/ -->\n<title>Preisliste -<\/title>\n<meta name=\"robots\" content=\"index, follow, max-snippet:-1, max-image-preview:large, max-video-preview:-1\" \/>\n<link rel=\"canonical\" href=\"http:\/\/xn--fupflege-kaiser-rib.de\/?page_id=78\" \/>\n<meta property=\"og:locale\" content=\"de_DE\" \/>\n<meta property=\"og:type\" content=\"article\" \/>\n<meta property=\"og:title\" content=\"Preisliste -\" \/>\n<meta property=\"og:description\" content=\"WELLNES F\u00dc\u00dfE Fu\u00dfmassage (20Minuten) 15,00 \u20ac\" \/>\n<meta property=\"og:url\" content=\"http:\/\/xn--fupflege-kaiser-rib.de\/?page_id=78\" \/>\n<meta property=\"article:modified_time\" content=\"2025-12-18T21:00:02+00:00\" \/>\n<meta property=\"og:image\" content=\"http:\/\/xn--fupflege-kaiser-rib.de\/wp-content\/uploads\/2025\/12\/Bildschirmfoto-2025-12-18-um-21.31.29.png\" \/>\n<meta name=\"twitter:card\" content=\"summary_large_image\" \/>\n<meta name=\"twitter:label1\" content=\"Gesch\u00e4tzte Lesezeit\" \/>\n\t<meta name=\"twitter:data1\" content=\"1\u00a0Minute\" \/>\n<script type=\"application\/ld+json\" class=\"yoast-schema-graph\">{\"@context\":\"https:\\\/\\\/schema.org\",\"@graph\":[{\"@type\":[\"WebPage\",\"MedicalWebPage\"],\"@id\":\"http:\\\/\\\/xn--fupflege-kaiser-rib.de\\\/?page_id=78\",\"url\":\"http:\\\/\\\/xn--fupflege-kaiser-rib.de\\\/?page_id=78\",\"name\":\"Preisliste -\",\"isPartOf\":{\"@id\":\"http:\\\/\\\/xn--fupflege-kaiser-rib.de\\\/#website\"},\"primaryImageOfPage\":{\"@id\":\"http:\\\/\\\/xn--fupflege-kaiser-rib.de\\\/?page_id=78#primaryimage\"},\"image\":{\"@id\":\"http:\\\/\\\/xn--fupflege-kaiser-rib.de\\\/?page_id=78#primaryimage\"},\"thumbnailUrl\":\"http:\\\/\\\/xn--fupflege-kaiser-rib.de\\\/wp-content\\\/uploads\\\/2025\\\/12\\\/Bildschirmfoto-2025-12-18-um-21.31.29.png\",\"datePublished\":\"2025-08-03T01:15:32+00:00\",\"dateModified\":\"2025-12-18T21:00:02+00:00\",\"breadcrumb\":{\"@id\":\"http:\\\/\\\/xn--fupflege-kaiser-rib.de\\\/?page_id=78#breadcrumb\"},\"inLanguage\":\"de\",\"potentialAction\":[{\"@type\":\"ReadAction\",\"target\":[\"http:\\\/\\\/xn--fupflege-kaiser-rib.de\\\/?page_id=78\"]}]},{\"@type\":\"ImageObject\",\"inLanguage\":\"de\",\"@id\":\"http:\\\/\\\/xn--fupflege-kaiser-rib.de\\\/?page_id=78#primaryimage\",\"url\":\"http:\\\/\\\/xn--fupflege-kaiser-rib.de\\\/wp-content\\\/uploads\\\/2025\\\/12\\\/Bildschirmfoto-2025-12-18-um-21.31.29.png\",\"contentUrl\":\"http:\\\/\\\/xn--fupflege-kaiser-rib.de\\\/wp-content\\\/uploads\\\/2025\\\/12\\\/Bildschirmfoto-2025-12-18-um-21.31.29.png\",\"width\":1006,\"height\":1000},{\"@type\":\"BreadcrumbList\",\"@id\":\"http:\\\/\\\/xn--fupflege-kaiser-rib.de\\\/?page_id=78#breadcrumb\",\"itemListElement\":[{\"@type\":\"ListItem\",\"position\":1,\"name\":\"Startseite\",\"item\":\"http:\\\/\\\/xn--fupflege-kaiser-rib.de\\\/\"},{\"@type\":\"ListItem\",\"position\":2,\"name\":\"Preisliste\"}]},{\"@type\":\"WebSite\",\"@id\":\"http:\\\/\\\/xn--fupflege-kaiser-rib.de\\\/#website\",\"url\":\"http:\\\/\\\/xn--fupflege-kaiser-rib.de\\\/\",\"name\":\"med. & kosm. Fu\u00dfpflege Kaiser\",\"description\":\"\",\"publisher\":{\"@id\":\"http:\\\/\\\/xn--fupflege-kaiser-rib.de\\\/#organization\"},\"potentialAction\":[{\"@type\":\"SearchAction\",\"target\":{\"@type\":\"EntryPoint\",\"urlTemplate\":\"http:\\\/\\\/xn--fupflege-kaiser-rib.de\\\/?s={search_term_string}\"},\"query-input\":{\"@type\":\"PropertyValueSpecification\",\"valueRequired\":true,\"valueName\":\"search_term_string\"}}],\"inLanguage\":\"de\"},{\"@type\":\"Organization\",\"@id\":\"http:\\\/\\\/xn--fupflege-kaiser-rib.de\\\/#organization\",\"name\":\"med. & kosm. Fu\u00dfpflege Kaiser\",\"url\":\"http:\\\/\\\/xn--fupflege-kaiser-rib.de\\\/\",\"logo\":{\"@type\":\"ImageObject\",\"inLanguage\":\"de\",\"@id\":\"http:\\\/\\\/xn--fupflege-kaiser-rib.de\\\/#\\\/schema\\\/logo\\\/image\\\/\",\"url\":\"http:\\\/\\\/xn--fupflege-kaiser-rib.de\\\/wp-content\\\/uploads\\\/2025\\\/08\\\/Fusspflege-e1754169436856.png\",\"contentUrl\":\"http:\\\/\\\/xn--fupflege-kaiser-rib.de\\\/wp-content\\\/uploads\\\/2025\\\/08\\\/Fusspflege-e1754169436856.png\",\"width\":725,\"height\":343,\"caption\":\"med. & kosm. Fu\u00dfpflege Kaiser\"},\"image\":{\"@id\":\"http:\\\/\\\/xn--fupflege-kaiser-rib.de\\\/#\\\/schema\\\/logo\\\/image\\\/\"},\"sameAs\":[\"https:\\\/\\\/www.instagram.com\\\/med.fusspflege_kaiser\\\/\"]}]}<\/script>\n<!-- \/ Yoast SEO plugin. -->","yoast_head_json":{"title":"Preisliste -","robots":{"index":"index","follow":"follow","max-snippet":"max-snippet:-1","max-image-preview":"max-image-preview:large","max-video-preview":"max-video-preview:-1"},"canonical":"http:\/\/xn--fupflege-kaiser-rib.de\/?page_id=78","og_locale":"de_DE","og_type":"article","og_title":"Preisliste -","og_description":"WELLNES F\u00dc\u00dfE Fu\u00dfmassage (20Minuten) 15,00 \u20ac","og_url":"http:\/\/xn--fupflege-kaiser-rib.de\/?page_id=78","article_modified_time":"2025-12-18T21:00:02+00:00","og_image":[{"url":"http:\/\/xn--fupflege-kaiser-rib.de\/wp-content\/uploads\/2025\/12\/Bildschirmfoto-2025-12-18-um-21.31.29.png","type":"","width":"","height":""}],"twitter_card":"summary_large_image","twitter_misc":{"Gesch\u00e4tzte Lesezeit":"1\u00a0Minute"},"schema":{"@context":"https:\/\/schema.org","@graph":[{"@type":["WebPage","MedicalWebPage"],"@id":"http:\/\/xn--fupflege-kaiser-rib.de\/?page_id=78","url":"http:\/\/xn--fupflege-kaiser-rib.de\/?page_id=78","name":"Preisliste -","isPartOf":{"@id":"http:\/\/xn--fupflege-kaiser-rib.de\/#website"},"primaryImageOfPage":{"@id":"http:\/\/xn--fupflege-kaiser-rib.de\/?page_id=78#primaryimage"},"image":{"@id":"http:\/\/xn--fupflege-kaiser-rib.de\/?page_id=78#primaryimage"},"thumbnailUrl":"http:\/\/xn--fupflege-kaiser-rib.de\/wp-content\/uploads\/2025\/12\/Bildschirmfoto-2025-12-18-um-21.31.29.png","datePublished":"2025-08-03T01:15:32+00:00","dateModified":"2025-12-18T21:00:02+00:00","breadcrumb":{"@id":"http:\/\/xn--fupflege-kaiser-rib.de\/?page_id=78#breadcrumb"},"inLanguage":"de","potentialAction":[{"@type":"ReadAction","target":["http:\/\/xn--fupflege-kaiser-rib.de\/?page_id=78"]}]},{"@type":"ImageObject","inLanguage":"de","@id":"http:\/\/xn--fupflege-kaiser-rib.de\/?page_id=78#primaryimage","url":"http:\/\/xn--fupflege-kaiser-rib.de\/wp-content\/uploads\/2025\/12\/Bildschirmfoto-2025-12-18-um-21.31.29.png","contentUrl":"http:\/\/xn--fupflege-kaiser-rib.de\/wp-content\/uploads\/2025\/12\/Bildschirmfoto-2025-12-18-um-21.31.29.png","width":1006,"height":1000},{"@type":"BreadcrumbList","@id":"http:\/\/xn--fupflege-kaiser-rib.de\/?page_id=78#breadcrumb","itemListElement":[{"@type":"ListItem","position":1,"name":"Startseite","item":"http:\/\/xn--fupflege-kaiser-rib.de\/"},{"@type":"ListItem","position":2,"name":"Preisliste"}]},{"@type":"WebSite","@id":"http:\/\/xn--fupflege-kaiser-rib.de\/#website","url":"http:\/\/xn--fupflege-kaiser-rib.de\/","name":"med. & kosm. Fu\u00dfpflege Kaiser","description":"","publisher":{"@id":"http:\/\/xn--fupflege-kaiser-rib.de\/#organization"},"potentialAction":[{"@type":"SearchAction","target":{"@type":"EntryPoint","urlTemplate":"http:\/\/xn--fupflege-kaiser-rib.de\/?s={search_term_string}"},"query-input":{"@type":"PropertyValueSpecification","valueRequired":true,"valueName":"search_term_string"}}],"inLanguage":"de"},{"@type":"Organization","@id":"http:\/\/xn--fupflege-kaiser-rib.de\/#organization","name":"med. & kosm. Fu\u00dfpflege Kaiser","url":"http:\/\/xn--fupflege-kaiser-rib.de\/","logo":{"@type":"ImageObject","inLanguage":"de","@id":"http:\/\/xn--fupflege-kaiser-rib.de\/#\/schema\/logo\/image\/","url":"http:\/\/xn--fupflege-kaiser-rib.de\/wp-content\/uploads\/2025\/08\/Fusspflege-e1754169436856.png","contentUrl":"http:\/\/xn--fupflege-kaiser-rib.de\/wp-content\/uploads\/2025\/08\/Fusspflege-e1754169436856.png","width":725,"height":343,"caption":"med. & kosm. Fu\u00dfpflege Kaiser"},"image":{"@id":"http:\/\/xn--fupflege-kaiser-rib.de\/#\/schema\/logo\/image\/"},"sameAs":["https:\/\/www.instagram.com\/med.fusspflege_kaiser\/"]}]}},"_links":{"self":[{"href":"http:\/\/xn--fupflege-kaiser-rib.de\/index.php?rest_route=\/wp\/v2\/pages\/78","targetHints":{"allow":["GET"]}}],"collection":[{"href":"http:\/\/xn--fupflege-kaiser-rib.de\/index.php?rest_route=\/wp\/v2\/pages"}],"about":[{"href":"http:\/\/xn--fupflege-kaiser-rib.de\/index.php?rest_route=\/wp\/v2\/types\/page"}],"author":[{"embeddable":true,"href":"http:\/\/xn--fupflege-kaiser-rib.de\/index.php?rest_route=\/wp\/v2\/users\/1"}],"replies":[{"embeddable":true,"href":"http:\/\/xn--fupflege-kaiser-rib.de\/index.php?rest_route=%2Fwp%2Fv2%2Fcomments&post=78"}],"version-history":[{"count":19,"href":"http:\/\/xn--fupflege-kaiser-rib.de\/index.php?rest_route=\/wp\/v2\/pages\/78\/revisions"}],"predecessor-version":[{"id":189,"href":"http:\/\/xn--fupflege-kaiser-rib.de\/index.php?rest_route=\/wp\/v2\/pages\/78\/revisions\/189"}],"wp:attachment":[{"href":"http:\/\/xn--fupflege-kaiser-rib.de\/index.php?rest_route=%2Fwp%2Fv2%2Fmedia&parent=78"}],"curies":[{"name":"wp","href":"https:\/\/api.w.org\/{rel}","templated":true}]}}