{"id":31,"date":"2025-08-02T21:52:48","date_gmt":"2025-08-02T21:52:48","guid":{"rendered":"http:\/\/xn--fupflege-kaiser-rib.de\/?page_id=31"},"modified":"2025-08-28T21:22:58","modified_gmt":"2025-08-28T20:22:58","slug":"unsere-leistungen","status":"publish","type":"page","link":"http:\/\/xn--fupflege-kaiser-rib.de\/?page_id=31","title":{"rendered":"Unsere Leistungen"},"content":{"rendered":"\n<p><strong>Medizinische Fu\u00dfpflege:<\/strong><\/p>\n\n\n\n<ul class=\"wp-block-list\">\n<li>Entfernung von Hornhaut und Schwielen zur Linderung von Druckstellen&nbsp;<\/li>\n\n\n\n<li>Behandlung von eingewachsenen N\u00e4geln (z.B. Nagelkorrektur, Nagelbettpflege)&nbsp;<\/li>\n\n\n\n<li>Pflege und Behandlung von Fu\u00dfpilz- oder Nagelpilzinfektionen&nbsp;<\/li>\n\n\n\n<li>Entfernung von H\u00fchneraugen und Schwielen bei Bedarf&nbsp;<\/li>\n\n\n\n<li>Nagel- und Hautpflege bei diabetischen oder chronisch kranken Patienten (nach \u00e4rztlicher Anweisung)&nbsp;<\/li>\n\n\n\n<li>Beratung zur Fu\u00dfgesundheit und Vorbeugung von Fu\u00dfbeschwerden&nbsp;<\/li>\n\n\n\n<li>Behandlung von Fu\u00dfverletzungen und kleinen Wunden<\/li>\n<\/ul>\n\n\n\n<p><strong>Kosmetische Fu\u00dfpflege:<\/strong><\/p>\n\n\n\n<ul class=\"wp-block-list\">\n<li>Fu\u00dfbad zur Entspannung und Reinigung&nbsp;<\/li>\n\n\n\n<li>Nagelpflege inklusive K\u00fcrzen, Feilen und Polieren der N\u00e4gel\u00a0<\/li>\n\n\n\n<li>Pflege der Fu\u00dfhaut mit Feuchtigkeitscremes und Pflege\u00f6len&nbsp;<\/li>\n\n\n\n<li>Anpassen und Polieren der Fu\u00dfn\u00e4gel f\u00fcr ein gepflegtes Erscheinungsbild&nbsp;<\/li>\n\n\n\n<li>Pflege und Gestaltung der Fu\u00dfn\u00e4gel (z.B. Nagelversiegelung, Lackieren)&nbsp;<\/li>\n\n\n\n<li>Fu\u00dfmassage zur Entspannung und F\u00f6rderung der Durchblutung<\/li>\n<\/ul>\n\n\n\n<p><\/p>\n","protected":false},"excerpt":{"rendered":"<p>Medizinische Fu\u00dfpflege: Kosmetische Fu\u00dfpflege:<\/p>\n","protected":false},"author":1,"featured_media":0,"parent":0,"menu_order":0,"comment_status":"closed","ping_status":"closed","template":"","meta":{"footnotes":""},"class_list":["post-31","page","type-page","status-publish","hentry","post"],"yoast_head":"<!-- This site is optimized with the Yoast SEO plugin v27.3 - https:\/\/yoast.com\/product\/yoast-seo-wordpress\/ -->\n<title>Unsere Leistungen -<\/title>\n<meta name=\"robots\" content=\"index, follow, max-snippet:-1, max-image-preview:large, max-video-preview:-1\" \/>\n<link rel=\"canonical\" href=\"http:\/\/xn--fupflege-kaiser-rib.de\/?page_id=31\" \/>\n<meta property=\"og:locale\" content=\"de_DE\" \/>\n<meta property=\"og:type\" content=\"article\" \/>\n<meta property=\"og:title\" content=\"Unsere Leistungen -\" \/>\n<meta property=\"og:description\" content=\"Medizinische Fu\u00dfpflege: Kosmetische Fu\u00dfpflege:\" \/>\n<meta property=\"og:url\" content=\"http:\/\/xn--fupflege-kaiser-rib.de\/?page_id=31\" \/>\n<meta property=\"article:modified_time\" content=\"2025-08-28T20:22:58+00:00\" \/>\n<meta name=\"twitter:card\" content=\"summary_large_image\" \/>\n<meta name=\"twitter:label1\" content=\"Gesch\u00e4tzte Lesezeit\" \/>\n\t<meta name=\"twitter:data1\" content=\"1\u00a0Minute\" \/>\n<script type=\"application\/ld+json\" class=\"yoast-schema-graph\">{\"@context\":\"https:\\\/\\\/schema.org\",\"@graph\":[{\"@type\":\"WebPage\",\"@id\":\"http:\\\/\\\/xn--fupflege-kaiser-rib.de\\\/?page_id=31\",\"url\":\"http:\\\/\\\/xn--fupflege-kaiser-rib.de\\\/?page_id=31\",\"name\":\"Unsere Leistungen -\",\"isPartOf\":{\"@id\":\"http:\\\/\\\/xn--fupflege-kaiser-rib.de\\\/#website\"},\"datePublished\":\"2025-08-02T21:52:48+00:00\",\"dateModified\":\"2025-08-28T20:22:58+00:00\",\"breadcrumb\":{\"@id\":\"http:\\\/\\\/xn--fupflege-kaiser-rib.de\\\/?page_id=31#breadcrumb\"},\"inLanguage\":\"de\",\"potentialAction\":[{\"@type\":\"ReadAction\",\"target\":[\"http:\\\/\\\/xn--fupflege-kaiser-rib.de\\\/?page_id=31\"]}]},{\"@type\":\"BreadcrumbList\",\"@id\":\"http:\\\/\\\/xn--fupflege-kaiser-rib.de\\\/?page_id=31#breadcrumb\",\"itemListElement\":[{\"@type\":\"ListItem\",\"position\":1,\"name\":\"Startseite\",\"item\":\"http:\\\/\\\/xn--fupflege-kaiser-rib.de\\\/\"},{\"@type\":\"ListItem\",\"position\":2,\"name\":\"Unsere Leistungen\"}]},{\"@type\":\"WebSite\",\"@id\":\"http:\\\/\\\/xn--fupflege-kaiser-rib.de\\\/#website\",\"url\":\"http:\\\/\\\/xn--fupflege-kaiser-rib.de\\\/\",\"name\":\"med. & kosm. Fu\u00dfpflege Kaiser\",\"description\":\"\",\"publisher\":{\"@id\":\"http:\\\/\\\/xn--fupflege-kaiser-rib.de\\\/#organization\"},\"potentialAction\":[{\"@type\":\"SearchAction\",\"target\":{\"@type\":\"EntryPoint\",\"urlTemplate\":\"http:\\\/\\\/xn--fupflege-kaiser-rib.de\\\/?s={search_term_string}\"},\"query-input\":{\"@type\":\"PropertyValueSpecification\",\"valueRequired\":true,\"valueName\":\"search_term_string\"}}],\"inLanguage\":\"de\"},{\"@type\":\"Organization\",\"@id\":\"http:\\\/\\\/xn--fupflege-kaiser-rib.de\\\/#organization\",\"name\":\"med. & kosm. Fu\u00dfpflege Kaiser\",\"url\":\"http:\\\/\\\/xn--fupflege-kaiser-rib.de\\\/\",\"logo\":{\"@type\":\"ImageObject\",\"inLanguage\":\"de\",\"@id\":\"http:\\\/\\\/xn--fupflege-kaiser-rib.de\\\/#\\\/schema\\\/logo\\\/image\\\/\",\"url\":\"http:\\\/\\\/xn--fupflege-kaiser-rib.de\\\/wp-content\\\/uploads\\\/2025\\\/08\\\/Fusspflege-e1754169436856.png\",\"contentUrl\":\"http:\\\/\\\/xn--fupflege-kaiser-rib.de\\\/wp-content\\\/uploads\\\/2025\\\/08\\\/Fusspflege-e1754169436856.png\",\"width\":725,\"height\":343,\"caption\":\"med. & kosm. Fu\u00dfpflege Kaiser\"},\"image\":{\"@id\":\"http:\\\/\\\/xn--fupflege-kaiser-rib.de\\\/#\\\/schema\\\/logo\\\/image\\\/\"},\"sameAs\":[\"https:\\\/\\\/www.instagram.com\\\/med.fusspflege_kaiser\\\/\"]}]}<\/script>\n<!-- \/ Yoast SEO plugin. -->","yoast_head_json":{"title":"Unsere Leistungen -","robots":{"index":"index","follow":"follow","max-snippet":"max-snippet:-1","max-image-preview":"max-image-preview:large","max-video-preview":"max-video-preview:-1"},"canonical":"http:\/\/xn--fupflege-kaiser-rib.de\/?page_id=31","og_locale":"de_DE","og_type":"article","og_title":"Unsere Leistungen -","og_description":"Medizinische Fu\u00dfpflege: Kosmetische Fu\u00dfpflege:","og_url":"http:\/\/xn--fupflege-kaiser-rib.de\/?page_id=31","article_modified_time":"2025-08-28T20:22:58+00:00","twitter_card":"summary_large_image","twitter_misc":{"Gesch\u00e4tzte Lesezeit":"1\u00a0Minute"},"schema":{"@context":"https:\/\/schema.org","@graph":[{"@type":"WebPage","@id":"http:\/\/xn--fupflege-kaiser-rib.de\/?page_id=31","url":"http:\/\/xn--fupflege-kaiser-rib.de\/?page_id=31","name":"Unsere Leistungen -","isPartOf":{"@id":"http:\/\/xn--fupflege-kaiser-rib.de\/#website"},"datePublished":"2025-08-02T21:52:48+00:00","dateModified":"2025-08-28T20:22:58+00:00","breadcrumb":{"@id":"http:\/\/xn--fupflege-kaiser-rib.de\/?page_id=31#breadcrumb"},"inLanguage":"de","potentialAction":[{"@type":"ReadAction","target":["http:\/\/xn--fupflege-kaiser-rib.de\/?page_id=31"]}]},{"@type":"BreadcrumbList","@id":"http:\/\/xn--fupflege-kaiser-rib.de\/?page_id=31#breadcrumb","itemListElement":[{"@type":"ListItem","position":1,"name":"Startseite","item":"http:\/\/xn--fupflege-kaiser-rib.de\/"},{"@type":"ListItem","position":2,"name":"Unsere Leistungen"}]},{"@type":"WebSite","@id":"http:\/\/xn--fupflege-kaiser-rib.de\/#website","url":"http:\/\/xn--fupflege-kaiser-rib.de\/","name":"med. & kosm. Fu\u00dfpflege Kaiser","description":"","publisher":{"@id":"http:\/\/xn--fupflege-kaiser-rib.de\/#organization"},"potentialAction":[{"@type":"SearchAction","target":{"@type":"EntryPoint","urlTemplate":"http:\/\/xn--fupflege-kaiser-rib.de\/?s={search_term_string}"},"query-input":{"@type":"PropertyValueSpecification","valueRequired":true,"valueName":"search_term_string"}}],"inLanguage":"de"},{"@type":"Organization","@id":"http:\/\/xn--fupflege-kaiser-rib.de\/#organization","name":"med. & kosm. Fu\u00dfpflege Kaiser","url":"http:\/\/xn--fupflege-kaiser-rib.de\/","logo":{"@type":"ImageObject","inLanguage":"de","@id":"http:\/\/xn--fupflege-kaiser-rib.de\/#\/schema\/logo\/image\/","url":"http:\/\/xn--fupflege-kaiser-rib.de\/wp-content\/uploads\/2025\/08\/Fusspflege-e1754169436856.png","contentUrl":"http:\/\/xn--fupflege-kaiser-rib.de\/wp-content\/uploads\/2025\/08\/Fusspflege-e1754169436856.png","width":725,"height":343,"caption":"med. & kosm. Fu\u00dfpflege Kaiser"},"image":{"@id":"http:\/\/xn--fupflege-kaiser-rib.de\/#\/schema\/logo\/image\/"},"sameAs":["https:\/\/www.instagram.com\/med.fusspflege_kaiser\/"]}]}},"_links":{"self":[{"href":"http:\/\/xn--fupflege-kaiser-rib.de\/index.php?rest_route=\/wp\/v2\/pages\/31","targetHints":{"allow":["GET"]}}],"collection":[{"href":"http:\/\/xn--fupflege-kaiser-rib.de\/index.php?rest_route=\/wp\/v2\/pages"}],"about":[{"href":"http:\/\/xn--fupflege-kaiser-rib.de\/index.php?rest_route=\/wp\/v2\/types\/page"}],"author":[{"embeddable":true,"href":"http:\/\/xn--fupflege-kaiser-rib.de\/index.php?rest_route=\/wp\/v2\/users\/1"}],"replies":[{"embeddable":true,"href":"http:\/\/xn--fupflege-kaiser-rib.de\/index.php?rest_route=%2Fwp%2Fv2%2Fcomments&post=31"}],"version-history":[{"count":2,"href":"http:\/\/xn--fupflege-kaiser-rib.de\/index.php?rest_route=\/wp\/v2\/pages\/31\/revisions"}],"predecessor-version":[{"id":130,"href":"http:\/\/xn--fupflege-kaiser-rib.de\/index.php?rest_route=\/wp\/v2\/pages\/31\/revisions\/130"}],"wp:attachment":[{"href":"http:\/\/xn--fupflege-kaiser-rib.de\/index.php?rest_route=%2Fwp%2Fv2%2Fmedia&parent=31"}],"curies":[{"name":"wp","href":"https:\/\/api.w.org\/{rel}","templated":true}]}}